{"id":4183,"date":"2023-11-17T19:19:01","date_gmt":"2023-11-17T19:19:01","guid":{"rendered":"http:\/\/carlosbosch.com\/?page_id=4183"},"modified":"2023-11-17T20:00:17","modified_gmt":"2023-11-17T20:00:17","slug":"art1-2","status":"publish","type":"page","link":"http:\/\/carlosbosch.com\/?page_id=4183","title":{"rendered":"Bailarines1"},"content":{"rendered":"\t\t<div data-elementor-type=\"wp-page\" data-elementor-id=\"4183\" class=\"elementor elementor-4183\" data-elementor-post-type=\"page\">\n\t\t\t\t\t\t<section class=\"elementor-section elementor-top-section elementor-element elementor-element-73618f4e elementor-section-boxed elementor-section-height-default elementor-section-height-default\" data-id=\"73618f4e\" data-element_type=\"section\">\n\t\t\t\t\t\t<div class=\"elementor-container elementor-column-gap-default\">\n\t\t\t\t\t<div class=\"elementor-column elementor-col-100 elementor-top-column elementor-element elementor-element-522d4494\" data-id=\"522d4494\" data-element_type=\"column\">\n\t\t\t<div class=\"elementor-widget-wrap elementor-element-populated\">\n\t\t\t\t\t\t<div class=\"elementor-element elementor-element-69e6b1ee elementor-widget elementor-widget-photographer-gallery-fullscreen\" data-id=\"69e6b1ee\" data-element_type=\"widget\" data-widget_type=\"photographer-gallery-fullscreen.default\">\n\t\t\t\t<div class=\"elementor-widget-container\">\n\t\t\t\t\t<div class=\"swiper-container tg_fullscreen_gallery_wrapper\">\n\t<div class=\"tg_fullscreen_gallery\" data-autoplay=\"2000\" data-effect=\"slide\" data-speed=\"3000\">\n\t\t<div class=\"swiper-wrapper\">\n\t\t<div class=\"swiper-slide lazyload\" style=\"background-image:inherit;background-size:contain\" data-swiper-autoplay=\"2000\" data-bg-image=\"url(http:\/\/carlosbosch.com\/wp-content\/uploads\/2023\/11\/So-44-scaled.jpg)\">\n\t\t\t\t\t\t\t<div class=\"tg_gallery_fullscreen_content\">\n\t\t\t\t\t\t\t\t\t<div class=\"tg_gallery_fullscreen_caption\">Mayara Magri<\/div>\n\t\t\t\t\t\t\t\t<\/div>\n\t\t\t\t\t<\/div>\n\t\t<div class=\"swiper-slide lazyload\" style=\"background-image:inherit;background-size:contain\" data-swiper-autoplay=\"2000\" data-bg-image=\"url(http:\/\/carlosbosch.com\/wp-content\/uploads\/2023\/11\/So-39-scaled.jpg)\">\n\t\t\t\t\t\t\t<div class=\"tg_gallery_fullscreen_content\">\n\t\t\t\t\t\t\t\t\t<div class=\"tg_gallery_fullscreen_caption\">Mayara Magri<\/div>\n\t\t\t\t\t\t\t\t<\/div>\n\t\t\t\t\t<\/div>\n\t\t<div class=\"swiper-slide lazyload\" style=\"background-image:inherit;background-size:contain\" data-swiper-autoplay=\"2000\" data-bg-image=\"url(http:\/\/carlosbosch.com\/wp-content\/uploads\/2023\/11\/So-47-scaled.jpg)\">\n\t\t\t\t\t\t\t<div class=\"tg_gallery_fullscreen_content\">\n\t\t\t\t\t\t\t\t\t<div class=\"tg_gallery_fullscreen_caption\">Mayara Magri<\/div>\n\t\t\t\t\t\t\t\t<\/div>\n\t\t\t\t\t<\/div>\n\t\t<div class=\"swiper-slide lazyload\" style=\"background-image:inherit;background-size:contain\" data-swiper-autoplay=\"2000\" data-bg-image=\"url(http:\/\/carlosbosch.com\/wp-content\/uploads\/2023\/11\/So-43-scaled.jpg)\">\n\t\t\t\t\t\t\t<div class=\"tg_gallery_fullscreen_content\">\n\t\t\t\t\t\t\t\t\t<div class=\"tg_gallery_fullscreen_caption\">Mayara Magri<\/div>\n\t\t\t\t\t\t\t\t<\/div>\n\t\t\t\t\t<\/div>\n\t\t<div class=\"swiper-slide lazyload\" style=\"background-image:inherit;background-size:contain\" data-swiper-autoplay=\"2000\" data-bg-image=\"url(http:\/\/carlosbosch.com\/wp-content\/uploads\/2023\/11\/So-83-scaled.jpg)\">\n\t\t\t\t\t\t\t<div class=\"tg_gallery_fullscreen_content\">\n\t\t\t\t\t\t\t\t\t<div class=\"tg_gallery_fullscreen_caption\">Mayara Magri<\/div>\n\t\t\t\t\t\t\t\t<\/div>\n\t\t\t\t\t<\/div>\n\t\t<div class=\"swiper-slide lazyload\" style=\"background-image:inherit;background-size:contain\" data-swiper-autoplay=\"2000\" data-bg-image=\"url(http:\/\/carlosbosch.com\/wp-content\/uploads\/2023\/11\/So-85-scaled.jpg)\">\n\t\t\t\t\t\t\t<div class=\"tg_gallery_fullscreen_content\">\n\t\t\t\t\t\t\t\t\t<div class=\"tg_gallery_fullscreen_caption\">Mayara Magri<\/div>\n\t\t\t\t\t\t\t\t<\/div>\n\t\t\t\t\t<\/div>\n\t\t<div class=\"swiper-slide lazyload\" style=\"background-image:inherit;background-size:contain\" data-swiper-autoplay=\"2000\" data-bg-image=\"url(http:\/\/carlosbosch.com\/wp-content\/uploads\/2023\/11\/So-81-scaled.jpg)\">\n\t\t\t\t\t\t\t<div class=\"tg_gallery_fullscreen_content\">\n\t\t\t\t\t\t\t\t\t<div class=\"tg_gallery_fullscreen_caption\">Mayara Magri<\/div>\n\t\t\t\t\t\t\t\t<\/div>\n\t\t\t\t\t<\/div>\n\t\t<div class=\"swiper-slide lazyload\" style=\"background-image:inherit;background-size:contain\" data-swiper-autoplay=\"2000\" data-bg-image=\"url(http:\/\/carlosbosch.com\/wp-content\/uploads\/2023\/11\/So-68-scaled.jpg)\">\n\t\t\t\t\t\t\t<div class=\"tg_gallery_fullscreen_content\">\n\t\t\t\t\t\t\t\t\t<div class=\"tg_gallery_fullscreen_caption\">Mayara Magri<\/div>\n\t\t\t\t\t\t\t\t<\/div>\n\t\t\t\t\t<\/div>\n\t\t<div class=\"swiper-slide lazyload\" style=\"background-image:inherit;background-size:contain\" data-swiper-autoplay=\"2000\" data-bg-image=\"url(http:\/\/carlosbosch.com\/wp-content\/uploads\/2023\/11\/So-58-scaled.jpg)\">\n\t\t\t\t\t\t\t<div class=\"tg_gallery_fullscreen_content\">\n\t\t\t\t\t\t\t\t\t<div class=\"tg_gallery_fullscreen_caption\">Mayara Magri<\/div>\n\t\t\t\t\t\t\t\t<\/div>\n\t\t\t\t\t<\/div>\n\t\t<div class=\"swiper-slide lazyload\" style=\"background-image:inherit;background-size:contain\" data-swiper-autoplay=\"2000\" data-bg-image=\"url(http:\/\/carlosbosch.com\/wp-content\/uploads\/2023\/11\/So-27-scaled.jpg)\">\n\t\t\t\t\t\t\t<div class=\"tg_gallery_fullscreen_content\">\n\t\t\t\t\t\t\t\t\t<div class=\"tg_gallery_fullscreen_caption\">Mayara Magri<\/div>\n\t\t\t\t\t\t\t\t<\/div>\n\t\t\t\t\t<\/div>\n\t\t<div class=\"swiper-slide lazyload\" style=\"background-image:inherit;background-size:contain\" data-swiper-autoplay=\"2000\" data-bg-image=\"url(http:\/\/carlosbosch.com\/wp-content\/uploads\/2018\/10\/CARMEN2_2089.jpg)\">\n\t\t\t\t\t\t\t<div class=\"tg_gallery_fullscreen_content\">\n\t\t\t\t\t\t\t\t\t<div class=\"tg_gallery_fullscreen_caption\">Ballet Flamenco de Madrid<\/div>\n\t\t\t\t\t\t\t\t<\/div>\n\t\t\t\t\t<\/div>\n\t\t<div class=\"swiper-slide lazyload\" style=\"background-image:inherit;background-size:contain\" data-swiper-autoplay=\"2000\" data-bg-image=\"url(http:\/\/carlosbosch.com\/wp-content\/uploads\/2018\/10\/CARMEN-STUDIO-52.jpg)\">\n\t\t\t\t\t\t\t<div class=\"tg_gallery_fullscreen_content\">\n\t\t\t\t\t\t\t\t\t<div class=\"tg_gallery_fullscreen_caption\">Ballet Flamenco de Madrid<\/div>\n\t\t\t\t\t\t\t\t<\/div>\n\t\t\t\t\t<\/div>\n\t\t<div class=\"swiper-slide lazyload\" style=\"background-image:inherit;background-size:contain\" data-swiper-autoplay=\"2000\" data-bg-image=\"url(http:\/\/carlosbosch.com\/wp-content\/uploads\/2018\/10\/CARMEN-STUDIO-48.jpg)\">\n\t\t\t\t\t\t\t<div class=\"tg_gallery_fullscreen_content\">\n\t\t\t\t\t\t\t\t\t<div class=\"tg_gallery_fullscreen_caption\">Ballet Flamenco de Madrid<\/div>\n\t\t\t\t\t\t\t\t<\/div>\n\t\t\t\t\t<\/div>\n\t\t<div class=\"swiper-slide lazyload\" style=\"background-image:inherit;background-size:contain\" data-swiper-autoplay=\"2000\" data-bg-image=\"url(http:\/\/carlosbosch.com\/wp-content\/uploads\/2018\/10\/CARMEN-STUDIO-6.jpg)\">\n\t\t\t\t\t\t\t<div class=\"tg_gallery_fullscreen_content\">\n\t\t\t\t\t\t\t\t\t<div class=\"tg_gallery_fullscreen_caption\">Ballet Flamenco de Madrid<\/div>\n\t\t\t\t\t\t\t\t<\/div>\n\t\t\t\t\t<\/div>\n\t\t<div class=\"swiper-slide lazyload\" style=\"background-image:inherit;background-size:contain\" data-swiper-autoplay=\"2000\" data-bg-image=\"url(http:\/\/carlosbosch.com\/wp-content\/uploads\/2018\/10\/CARMEN-STUDIO-2.jpg)\">\n\t\t\t\t\t\t\t<div class=\"tg_gallery_fullscreen_content\">\n\t\t\t\t\t\t\t\t\t<div class=\"tg_gallery_fullscreen_caption\">Ballet Flamenco de Madrid<\/div>\n\t\t\t\t\t\t\t\t<\/div>\n\t\t\t\t\t<\/div>\n\t\t<div class=\"swiper-slide lazyload\" style=\"background-image:inherit;background-size:contain\" data-swiper-autoplay=\"2000\" data-bg-image=\"url(http:\/\/carlosbosch.com\/wp-content\/uploads\/2018\/10\/CARMEN-STUDIO-36.jpg)\">\n\t\t\t\t\t\t\t<div class=\"tg_gallery_fullscreen_content\">\n\t\t\t\t\t\t\t\t\t<div class=\"tg_gallery_fullscreen_caption\">Ballet Flamenco de Madrid<\/div>\n\t\t\t\t\t\t\t\t<\/div>\n\t\t\t\t\t<\/div>\n\t\t<div class=\"swiper-slide lazyload\" style=\"background-image:inherit;background-size:contain\" data-swiper-autoplay=\"2000\" data-bg-image=\"url(http:\/\/carlosbosch.com\/wp-content\/uploads\/2018\/10\/Sodanca-55-1.jpg)\">\n\t\t\t\t\t\t\t<div class=\"tg_gallery_fullscreen_content\">\n\t\t\t\t\t\t\t\t\t<div class=\"tg_gallery_fullscreen_caption\">Natalia Butrague\u00f1o<\/div>\n\t\t\t\t\t\t\t\t<\/div>\n\t\t\t\t\t<\/div>\n\t\t<div class=\"swiper-slide lazyload\" style=\"background-image:inherit;background-size:contain\" data-swiper-autoplay=\"2000\" data-bg-image=\"url(http:\/\/carlosbosch.com\/wp-content\/uploads\/2018\/10\/Sodanca-75.jpg)\">\n\t\t\t\t\t\t\t<div class=\"tg_gallery_fullscreen_content\">\n\t\t\t\t\t\t\t\t\t<div class=\"tg_gallery_fullscreen_caption\">Natalia Butrague\u00f1o<\/div>\n\t\t\t\t\t\t\t\t<\/div>\n\t\t\t\t\t<\/div>\n\t\t<div class=\"swiper-slide lazyload\" style=\"background-image:inherit;background-size:contain\" data-swiper-autoplay=\"2000\" data-bg-image=\"url(http:\/\/carlosbosch.com\/wp-content\/uploads\/2018\/10\/Sodanca-79.jpg)\">\n\t\t\t\t\t\t\t<div class=\"tg_gallery_fullscreen_content\">\n\t\t\t\t\t\t\t\t\t<div class=\"tg_gallery_fullscreen_caption\">Natalia Butrague\u00f1o<\/div>\n\t\t\t\t\t\t\t\t<\/div>\n\t\t\t\t\t<\/div>\n\t\t<div class=\"swiper-slide lazyload\" style=\"background-image:inherit;background-size:contain\" data-swiper-autoplay=\"2000\" data-bg-image=\"url(http:\/\/carlosbosch.com\/wp-content\/uploads\/2018\/10\/Sodanca-58.jpg)\">\n\t\t\t\t\t\t\t<div class=\"tg_gallery_fullscreen_content\">\n\t\t\t\t\t\t\t\t\t<div class=\"tg_gallery_fullscreen_caption\">Natalia Butrague\u00f1o<\/div>\n\t\t\t\t\t\t\t\t<\/div>\n\t\t\t\t\t<\/div>\n\t\t<div class=\"swiper-slide lazyload\" style=\"background-image:inherit;background-size:contain\" data-swiper-autoplay=\"2000\" data-bg-image=\"url(http:\/\/carlosbosch.com\/wp-content\/uploads\/2018\/10\/Sodanca-66.jpg)\">\n\t\t\t\t\t\t\t<div class=\"tg_gallery_fullscreen_content\">\n\t\t\t\t\t\t\t\t\t<div class=\"tg_gallery_fullscreen_caption\">Natalia Butrague\u00f1o<\/div>\n\t\t\t\t\t\t\t\t<\/div>\n\t\t\t\t\t<\/div>\n\t\t<div class=\"swiper-slide lazyload\" style=\"background-image:inherit;background-size:contain\" data-swiper-autoplay=\"2000\" data-bg-image=\"url(http:\/\/carlosbosch.com\/wp-content\/uploads\/2018\/10\/m39.jpg)\">\n\t\t\t\t\t\t\t<div class=\"tg_gallery_fullscreen_content\">\n\t\t\t\t\t\t\t\t\t<div class=\"tg_gallery_fullscreen_caption\">Marcos Flores<\/div>\n\t\t\t\t\t\t\t\t<\/div>\n\t\t\t\t\t<\/div>\n\t\t<div class=\"swiper-slide lazyload\" style=\"background-image:inherit;background-size:contain\" data-swiper-autoplay=\"2000\" data-bg-image=\"url(http:\/\/carlosbosch.com\/wp-content\/uploads\/2018\/10\/m13-1.jpg)\">\n\t\t\t\t\t\t\t<div class=\"tg_gallery_fullscreen_content\">\n\t\t\t\t\t\t\t\t\t<div class=\"tg_gallery_fullscreen_caption\">Marcos Flores<\/div>\n\t\t\t\t\t\t\t\t<\/div>\n\t\t\t\t\t<\/div>\n\t\t<div class=\"swiper-slide lazyload\" style=\"background-image:inherit;background-size:contain\" data-swiper-autoplay=\"2000\" data-bg-image=\"url(http:\/\/carlosbosch.com\/wp-content\/uploads\/2018\/10\/m15.jpg)\">\n\t\t\t\t\t\t\t<div class=\"tg_gallery_fullscreen_content\">\n\t\t\t\t\t\t\t\t\t<div class=\"tg_gallery_fullscreen_caption\">Marcos Flores<\/div>\n\t\t\t\t\t\t\t\t<\/div>\n\t\t\t\t\t<\/div>\n\t\t<div class=\"swiper-slide lazyload\" style=\"background-image:inherit;background-size:contain\" data-swiper-autoplay=\"2000\" data-bg-image=\"url(http:\/\/carlosbosch.com\/wp-content\/uploads\/2018\/10\/m4.jpg)\">\n\t\t\t\t\t\t\t<div class=\"tg_gallery_fullscreen_content\">\n\t\t\t\t\t\t\t\t\t<div class=\"tg_gallery_fullscreen_caption\">Marcos Flores<\/div>\n\t\t\t\t\t\t\t\t<\/div>\n\t\t\t\t\t<\/div>\n\t\t<div class=\"swiper-slide lazyload\" style=\"background-image:inherit;background-size:contain\" data-swiper-autoplay=\"2000\" data-bg-image=\"url(http:\/\/carlosbosch.com\/wp-content\/uploads\/2018\/10\/Sodanca-21-1.jpg)\">\n\t\t\t\t\t\t\t<div class=\"tg_gallery_fullscreen_content\">\n\t\t\t\t\t\t\t\t\t<div class=\"tg_gallery_fullscreen_caption\">Natalia Butrague\u00f1o<\/div>\n\t\t\t\t\t\t\t\t<\/div>\n\t\t\t\t\t<\/div>\n\t\t<div class=\"swiper-slide lazyload\" style=\"background-image:inherit;background-size:contain\" data-swiper-autoplay=\"2000\" data-bg-image=\"url(http:\/\/carlosbosch.com\/wp-content\/uploads\/2018\/10\/Sodanca-17-1.jpg)\">\n\t\t\t\t\t\t\t<div class=\"tg_gallery_fullscreen_content\">\n\t\t\t\t\t\t\t\t\t<div class=\"tg_gallery_fullscreen_caption\">Natalia Butrague\u00f1o<\/div>\n\t\t\t\t\t\t\t\t<\/div>\n\t\t\t\t\t<\/div>\n\t\t<div class=\"swiper-slide lazyload\" style=\"background-image:inherit;background-size:contain\" data-swiper-autoplay=\"2000\" data-bg-image=\"url(http:\/\/carlosbosch.com\/wp-content\/uploads\/2018\/10\/Sodanca-2-1.jpg)\">\n\t\t\t\t\t\t\t<div class=\"tg_gallery_fullscreen_content\">\n\t\t\t\t\t\t\t\t\t<div class=\"tg_gallery_fullscreen_caption\">Natalia Butrague\u00f1o<\/div>\n\t\t\t\t\t\t\t\t<\/div>\n\t\t\t\t\t<\/div>\n\t\t<div class=\"swiper-slide lazyload\" style=\"background-image:inherit;background-size:contain\" data-swiper-autoplay=\"2000\" data-bg-image=\"url(http:\/\/carlosbosch.com\/wp-content\/uploads\/2018\/10\/Sodanca-5.jpg)\">\n\t\t\t\t\t\t\t<div class=\"tg_gallery_fullscreen_content\">\n\t\t\t\t\t\t\t\t\t<div class=\"tg_gallery_fullscreen_caption\">Natalia Butrague\u00f1o<\/div>\n\t\t\t\t\t\t\t\t<\/div>\n\t\t\t\t\t<\/div>\n\t\t<\/div>\n\t\t<!-- Add Arrows -->\n        <div class=\"swiper-button-next swiper-button-white hover\"><i class=\"fa fa-angle-right\" style=\"color:\"><\/i><\/div>\n        <div class=\"swiper-button-prev swiper-button-white hover\"><i class=\"fa fa-angle-left\" style=\"color:\"><\/i><\/div>\n\t<\/div>\n\t<div class=\"gallery_thumbs\" style=\"display: none;\">\n      <div class=\"swiper-wrapper\" style=\"display: none;\">\n         <div class=\"swiper-slide\" style=\"display: none;\"><\/div>\n      <\/div>\n   <\/div>\n<\/div>\n\t\t\t\t<\/div>\n\t\t\t\t<\/div>\n\t\t\t\t\t<\/div>\n\t\t<\/div>\n\t\t\t\t\t<\/div>\n\t\t<\/section>\n\t\t\t\t<\/div>\n\t\t","protected":false},"excerpt":{"rendered":"<p>Mayara Magri Mayara Magri Mayara Magri Mayara Magri Mayara Magri Mayara Magri Mayara Magri Mayara Magri Mayara Magri Mayara Magri Ballet Flamenco de Madrid Ballet Flamenco de Madrid Ballet Flamenco de Madrid Ballet Flamenco de Madrid Ballet Flamenco de Madrid Ballet Flamenco de Madrid Natalia Butrague\u00f1o Natalia Butrague\u00f1o Natalia Butrague\u00f1o&#8230;<\/p>\n","protected":false},"author":1,"featured_media":0,"parent":0,"menu_order":0,"comment_status":"closed","ping_status":"closed","template":"","meta":{"ngg_post_thumbnail":0,"footnotes":""},"jetpack_sharing_enabled":true,"_links":{"self":[{"href":"http:\/\/carlosbosch.com\/index.php?rest_route=\/wp\/v2\/pages\/4183"}],"collection":[{"href":"http:\/\/carlosbosch.com\/index.php?rest_route=\/wp\/v2\/pages"}],"about":[{"href":"http:\/\/carlosbosch.com\/index.php?rest_route=\/wp\/v2\/types\/page"}],"author":[{"embeddable":true,"href":"http:\/\/carlosbosch.com\/index.php?rest_route=\/wp\/v2\/users\/1"}],"replies":[{"embeddable":true,"href":"http:\/\/carlosbosch.com\/index.php?rest_route=%2Fwp%2Fv2%2Fcomments&post=4183"}],"version-history":[{"count":7,"href":"http:\/\/carlosbosch.com\/index.php?rest_route=\/wp\/v2\/pages\/4183\/revisions"}],"predecessor-version":[{"id":4201,"href":"http:\/\/carlosbosch.com\/index.php?rest_route=\/wp\/v2\/pages\/4183\/revisions\/4201"}],"wp:attachment":[{"href":"http:\/\/carlosbosch.com\/index.php?rest_route=%2Fwp%2Fv2%2Fmedia&parent=4183"}],"curies":[{"name":"wp","href":"https:\/\/api.w.org\/{rel}","templated":true}]}}